{"id":26,"date":"2014-01-03T16:41:37","date_gmt":"2014-01-03T16:41:37","guid":{"rendered":"http:\/\/www.oohlalacrepes.xonos.net\/?page_id=26"},"modified":"2014-01-03T18:47:40","modified_gmt":"2014-01-03T18:47:40","slug":"about-us","status":"publish","type":"page","link":"http:\/\/www.oohlalacrepes.xonos.net\/?page_id=26","title":{"rendered":"About Us"},"content":{"rendered":"<p><div class=\"et_pb_section\">\r\n\t\t\t<div class=\"et_pb_row\">\r\n\t\t\t<div class=\"et_pb_column et_pb_column_1_3\">\r\n\t\t\t<img decoding=\"async\" src=\"http:\/\/www.oohlalacrepes.xonos.net\/wp-content\/uploads\/2014\/01\/Logo.png\" alt=\"\" class=\"et-waypoint et_pb_image et_pb_animation_left\" \/>\r\n\t\t<\/div> <!-- .et_pb_column --><div class=\"et_pb_column et_pb_column_2_3\">\r\n\t\t\t<div class=\"et_pb_text et_pb_bg_layout_light et_pb_text_align_left\">\r\n\t\t\t\n<p>Bob Stoffer, owner of Stoffer\u2019s Air Conditioning &amp; Heating has teamed up with Amber Stoffer Thomas, Co-Owner of Ooh La La Cr\u00eapes, LLC, to open a second family-owned business in the Alvin community.<\/p>\n<p>On a European vacation six years ago, Bob tried cr\u00eapes for his first time, and it was love at first bite! Last November, Bob approached Amber about opening up a cr\u00eaperie to share his new love of cr\u00eapes with the community and to offer \u201csomething different\u201d for diners. And so began, Ooh La La Cr\u00eapes, LLC.<\/p>\n<p>Bob and Amber\u2019s dream, coupled with a year of hard-work and dedication to the new cr\u00eaperie,\u00a0has finally come to fruition with the opening of Ooh La La Cr\u00eapes, LLC January 20, 2012. What better way to start-off the New Year?!<\/p>\n\r\n\t\t<\/div> <!-- .et_pb_text -->\r\n\t\t<\/div> <!-- .et_pb_column -->\r\n\t\t<\/div> <!-- .et_pb_row -->\r\n\t\t\t\r\n\t\t<\/div> <!-- .et_pb_section --><div class=\"et_pb_section\">\r\n\t\t\t<div class=\"et_pb_row\">\r\n\t\t\t<div class=\"et_pb_column et_pb_column_4_4\">\r\n\t\t\t<div class=\"et_pb_text et_pb_bg_layout_light et_pb_text_align_left\">\r\n\t\t\t\n<p>Ooh La La Cr\u00eapes offers a full-menu of delectable savory and sweet cr\u00eapes (from a roast beef, brie, cranberry specialty cr\u00eape to a traditional strawberry and nutella sweet cr\u00eape) to fulfill breakfast, lunch, dinner and dessert desires. We proudly features Boar\u2019s Head meats and cheeses in our restaurant ensuring quality to our customers.<\/p>\n<p><a href=\"http:\/\/www.oohlalacrepes.xonos.net\/wp-content\/uploads\/2014\/01\/slide_image_00108.jpg\"><img loading=\"lazy\" decoding=\"async\" class=\"size-full wp-image-36 aligncenter\" alt=\"slide_image_00108\" src=\"http:\/\/www.oohlalacrepes.xonos.net\/wp-content\/uploads\/2014\/01\/slide_image_00108.jpg\" width=\"892\" height=\"502\" srcset=\"http:\/\/www.oohlalacrepes.xonos.net\/wp-content\/uploads\/2014\/01\/slide_image_00108.jpg 892w, http:\/\/www.oohlalacrepes.xonos.net\/wp-content\/uploads\/2014\/01\/slide_image_00108-300x168.jpg 300w, http:\/\/www.oohlalacrepes.xonos.net\/wp-content\/uploads\/2014\/01\/slide_image_00108-400x225.jpg 400w\" sizes=\"auto, (max-width: 892px) 100vw, 892px\" \/><\/a><\/p>\n<p>For guests who covet desserts, we will also provide a variety of Italian gelato flavors and ice cream from Blue Bell Creameries. As a perfect pairing to any cr\u00eape or dessert offering or enjoyed all by itself, Ooh La La Cr\u00eapes provides a variety of Italian Lavazza espresso and brewed coffee.<\/p>\n<p>In addition to the food, Ooh La La Cr\u00eapes offers an atmosphere that will also have you saying \u201cOoh La La.\u201d From the twinkling Eiffel tower replicas to the exotic wood selections to the burlap bathroom walls, nary a detail has been missed when it comes to design. We offer free Wi-Fi to our customers with plenty of room to come enjoy your cr\u00eapes, coffee, gelato or ice cream, while still tending to business.<\/p>\n<p>\u201cWe are so excited to have\u00a0finally unveiled this new fast-casual cr\u00eaperie concept to the Alvin community,\u201d says Co-Owner Amber Stoffer Thomas. Bob adds, \u201cYou are not going to want to miss visiting and dining at our new, unique cr\u00eaperie.\u201d<\/p>\n<p>We look forward to seeing you and serving you soon!<\/p>\n\r\n\t\t<\/div> <!-- .et_pb_text -->\r\n\t\t<\/div> <!-- .et_pb_column -->\r\n\t\t<\/div> <!-- .et_pb_row -->\r\n\t\t\t\r\n\t\t<\/div> <!-- .et_pb_section --><\/p>\n","protected":false},"excerpt":{"rendered":"","protected":false},"author":1,"featured_media":0,"parent":0,"menu_order":0,"comment_status":"open","ping_status":"open","template":"","meta":{"footnotes":""},"class_list":["post-26","page","type-page","status-publish","hentry"],"_links":{"self":[{"href":"http:\/\/www.oohlalacrepes.xonos.net\/index.php?rest_route=\/wp\/v2\/pages\/26","targetHints":{"allow":["GET"]}}],"collection":[{"href":"http:\/\/www.oohlalacrepes.xonos.net\/index.php?rest_route=\/wp\/v2\/pages"}],"about":[{"href":"http:\/\/www.oohlalacrepes.xonos.net\/index.php?rest_route=\/wp\/v2\/types\/page"}],"author":[{"embeddable":true,"href":"http:\/\/www.oohlalacrepes.xonos.net\/index.php?rest_route=\/wp\/v2\/users\/1"}],"replies":[{"embeddable":true,"href":"http:\/\/www.oohlalacrepes.xonos.net\/index.php?rest_route=%2Fwp%2Fv2%2Fcomments&post=26"}],"version-history":[{"count":10,"href":"http:\/\/www.oohlalacrepes.xonos.net\/index.php?rest_route=\/wp\/v2\/pages\/26\/revisions"}],"predecessor-version":[{"id":123,"href":"http:\/\/www.oohlalacrepes.xonos.net\/index.php?rest_route=\/wp\/v2\/pages\/26\/revisions\/123"}],"wp:attachment":[{"href":"http:\/\/www.oohlalacrepes.xonos.net\/index.php?rest_route=%2Fwp%2Fv2%2Fmedia&parent=26"}],"curies":[{"name":"wp","href":"https:\/\/api.w.org\/{rel}","templated":true}]}}